{"id":120,"date":"2022-06-06T16:36:46","date_gmt":"2022-06-06T14:36:46","guid":{"rendered":"http:\/\/lastrada-quiberon.fr\/?page_id=120"},"modified":"2025-07-01T09:19:19","modified_gmt":"2025-07-01T07:19:19","slug":"nous-contacter","status":"publish","type":"page","link":"https:\/\/lastrada-quiberon.fr\/index.php\/nous-contacter\/","title":{"rendered":"NOUS CONTACTER"},"content":{"rendered":"\n<div class=\"wp-block-media-text alignwide is-stacked-on-mobile\"><figure class=\"wp-block-media-text__media\"><img loading=\"lazy\" decoding=\"async\" width=\"1024\" height=\"514\" src=\"http:\/\/lastrada-quiberon.fr\/wp-content\/uploads\/2022\/06\/plan-la-strada-1024x514.png\" alt=\"\" class=\"wp-image-126 size-full\" srcset=\"https:\/\/lastrada-quiberon.fr\/wp-content\/uploads\/2022\/06\/plan-la-strada-1024x514.png 1024w, https:\/\/lastrada-quiberon.fr\/wp-content\/uploads\/2022\/06\/plan-la-strada-300x151.png 300w, https:\/\/lastrada-quiberon.fr\/wp-content\/uploads\/2022\/06\/plan-la-strada-768x385.png 768w, https:\/\/lastrada-quiberon.fr\/wp-content\/uploads\/2022\/06\/plan-la-strada.png 1144w\" sizes=\"auto, (max-width: 1024px) 100vw, 1024px\" \/><\/figure><div class=\"wp-block-media-text__content\">\n<p class=\"has-large-font-size\">NOUS CONTACTER<\/p>\n\n\n\n<p>Cr\u00eaperie-Pizz\u00e9ria LA STRADA<\/p>\n\n\n\n<p>14 avenue du G\u00e9n\u00e9ral De Gaulle<\/p>\n\n\n\n<p>56170 QUIBERON<\/p>\n\n\n\n<p>T\u00e9l\u00e9phone : 0297500679<\/p>\n\n\n\n<p>Parking facile<\/p>\n<\/div><\/div>\n","protected":false},"excerpt":{"rendered":"<p>NOUS CONTACTER Cr\u00eaperie-Pizz\u00e9ria LA STRADA 14 avenue du G\u00e9n\u00e9ral De Gaulle 56170 QUIBERON T\u00e9l\u00e9phone : 0297500679 Parking facile<\/p>\n","protected":false},"author":1,"featured_media":0,"parent":0,"menu_order":0,"comment_status":"closed","ping_status":"closed","template":"","meta":{"footnotes":""},"class_list":["post-120","page","type-page","status-publish","hentry"],"yoast_head":"<!-- This site is optimized with the Yoast SEO plugin v19.6.1 - https:\/\/yoast.com\/wordpress\/plugins\/seo\/ -->\n<title>NOUS CONTACTER - La strada-quiberon<\/title>\n<meta name=\"robots\" content=\"index, follow, max-snippet:-1, max-image-preview:large, max-video-preview:-1\" \/>\n<link rel=\"canonical\" href=\"https:\/\/lastrada-quiberon.fr\/index.php\/nous-contacter\/\" \/>\n<meta property=\"og:locale\" content=\"en_US\" \/>\n<meta property=\"og:type\" content=\"article\" \/>\n<meta property=\"og:title\" content=\"NOUS CONTACTER - La strada-quiberon\" \/>\n<meta property=\"og:description\" content=\"NOUS CONTACTER Cr\u00eaperie-Pizz\u00e9ria LA STRADA 14 avenue du G\u00e9n\u00e9ral De Gaulle 56170 QUIBERON T\u00e9l\u00e9phone : 0297500679 Parking facile\" \/>\n<meta property=\"og:url\" content=\"https:\/\/lastrada-quiberon.fr\/index.php\/nous-contacter\/\" \/>\n<meta property=\"og:site_name\" content=\"La strada-quiberon\" \/>\n<meta property=\"article:modified_time\" content=\"2025-07-01T07:19:19+00:00\" \/>\n<meta property=\"og:image\" content=\"http:\/\/lastrada-quiberon.fr\/wp-content\/uploads\/2022\/06\/plan-la-strada-1024x514.png\" \/>\n<meta name=\"twitter:card\" content=\"summary_large_image\" \/>\n<meta name=\"twitter:label1\" content=\"Est. reading time\" \/>\n\t<meta name=\"twitter:data1\" content=\"1 minute\" \/>\n<script type=\"application\/ld+json\" class=\"yoast-schema-graph\">{\"@context\":\"https:\/\/schema.org\",\"@graph\":[{\"@type\":\"WebPage\",\"@id\":\"https:\/\/lastrada-quiberon.fr\/index.php\/nous-contacter\/\",\"url\":\"https:\/\/lastrada-quiberon.fr\/index.php\/nous-contacter\/\",\"name\":\"NOUS CONTACTER - La strada-quiberon\",\"isPartOf\":{\"@id\":\"https:\/\/lastrada-quiberon.fr\/#website\"},\"datePublished\":\"2022-06-06T14:36:46+00:00\",\"dateModified\":\"2025-07-01T07:19:19+00:00\",\"breadcrumb\":{\"@id\":\"https:\/\/lastrada-quiberon.fr\/index.php\/nous-contacter\/#breadcrumb\"},\"inLanguage\":\"en-US\",\"potentialAction\":[{\"@type\":\"ReadAction\",\"target\":[\"https:\/\/lastrada-quiberon.fr\/index.php\/nous-contacter\/\"]}]},{\"@type\":\"BreadcrumbList\",\"@id\":\"https:\/\/lastrada-quiberon.fr\/index.php\/nous-contacter\/#breadcrumb\",\"itemListElement\":[{\"@type\":\"ListItem\",\"position\":1,\"name\":\"Accueil\",\"item\":\"https:\/\/lastrada-quiberon.fr\/\"},{\"@type\":\"ListItem\",\"position\":2,\"name\":\"NOUS CONTACTER\"}]},{\"@type\":\"WebSite\",\"@id\":\"https:\/\/lastrada-quiberon.fr\/#website\",\"url\":\"https:\/\/lastrada-quiberon.fr\/\",\"name\":\"La strada-quiberon\",\"description\":\"Cr\u00eaperie-Pizz\u00e9ria\",\"potentialAction\":[{\"@type\":\"SearchAction\",\"target\":{\"@type\":\"EntryPoint\",\"urlTemplate\":\"https:\/\/lastrada-quiberon.fr\/?s={search_term_string}\"},\"query-input\":\"required name=search_term_string\"}],\"inLanguage\":\"en-US\"}]}<\/script>\n<!-- \/ Yoast SEO plugin. -->","yoast_head_json":{"title":"NOUS CONTACTER - La strada-quiberon","robots":{"index":"index","follow":"follow","max-snippet":"max-snippet:-1","max-image-preview":"max-image-preview:large","max-video-preview":"max-video-preview:-1"},"canonical":"https:\/\/lastrada-quiberon.fr\/index.php\/nous-contacter\/","og_locale":"en_US","og_type":"article","og_title":"NOUS CONTACTER - La strada-quiberon","og_description":"NOUS CONTACTER Cr\u00eaperie-Pizz\u00e9ria LA STRADA 14 avenue du G\u00e9n\u00e9ral De Gaulle 56170 QUIBERON T\u00e9l\u00e9phone : 0297500679 Parking facile","og_url":"https:\/\/lastrada-quiberon.fr\/index.php\/nous-contacter\/","og_site_name":"La strada-quiberon","article_modified_time":"2025-07-01T07:19:19+00:00","og_image":[{"url":"http:\/\/lastrada-quiberon.fr\/wp-content\/uploads\/2022\/06\/plan-la-strada-1024x514.png"}],"twitter_card":"summary_large_image","twitter_misc":{"Est. reading time":"1 minute"},"schema":{"@context":"https:\/\/schema.org","@graph":[{"@type":"WebPage","@id":"https:\/\/lastrada-quiberon.fr\/index.php\/nous-contacter\/","url":"https:\/\/lastrada-quiberon.fr\/index.php\/nous-contacter\/","name":"NOUS CONTACTER - La strada-quiberon","isPartOf":{"@id":"https:\/\/lastrada-quiberon.fr\/#website"},"datePublished":"2022-06-06T14:36:46+00:00","dateModified":"2025-07-01T07:19:19+00:00","breadcrumb":{"@id":"https:\/\/lastrada-quiberon.fr\/index.php\/nous-contacter\/#breadcrumb"},"inLanguage":"en-US","potentialAction":[{"@type":"ReadAction","target":["https:\/\/lastrada-quiberon.fr\/index.php\/nous-contacter\/"]}]},{"@type":"BreadcrumbList","@id":"https:\/\/lastrada-quiberon.fr\/index.php\/nous-contacter\/#breadcrumb","itemListElement":[{"@type":"ListItem","position":1,"name":"Accueil","item":"https:\/\/lastrada-quiberon.fr\/"},{"@type":"ListItem","position":2,"name":"NOUS CONTACTER"}]},{"@type":"WebSite","@id":"https:\/\/lastrada-quiberon.fr\/#website","url":"https:\/\/lastrada-quiberon.fr\/","name":"La strada-quiberon","description":"Cr\u00eaperie-Pizz\u00e9ria","potentialAction":[{"@type":"SearchAction","target":{"@type":"EntryPoint","urlTemplate":"https:\/\/lastrada-quiberon.fr\/?s={search_term_string}"},"query-input":"required name=search_term_string"}],"inLanguage":"en-US"}]}},"_links":{"self":[{"href":"https:\/\/lastrada-quiberon.fr\/index.php\/wp-json\/wp\/v2\/pages\/120","targetHints":{"allow":["GET"]}}],"collection":[{"href":"https:\/\/lastrada-quiberon.fr\/index.php\/wp-json\/wp\/v2\/pages"}],"about":[{"href":"https:\/\/lastrada-quiberon.fr\/index.php\/wp-json\/wp\/v2\/types\/page"}],"author":[{"embeddable":true,"href":"https:\/\/lastrada-quiberon.fr\/index.php\/wp-json\/wp\/v2\/users\/1"}],"replies":[{"embeddable":true,"href":"https:\/\/lastrada-quiberon.fr\/index.php\/wp-json\/wp\/v2\/comments?post=120"}],"version-history":[{"count":2,"href":"https:\/\/lastrada-quiberon.fr\/index.php\/wp-json\/wp\/v2\/pages\/120\/revisions"}],"predecessor-version":[{"id":134,"href":"https:\/\/lastrada-quiberon.fr\/index.php\/wp-json\/wp\/v2\/pages\/120\/revisions\/134"}],"wp:attachment":[{"href":"https:\/\/lastrada-quiberon.fr\/index.php\/wp-json\/wp\/v2\/media?parent=120"}],"curies":[{"name":"wp","href":"https:\/\/api.w.org\/{rel}","templated":true}]}}