{"id":116,"date":"2022-06-06T16:36:46","date_gmt":"2022-06-06T14:36:46","guid":{"rendered":"http:\/\/lastrada-quiberon.fr\/?page_id=116"},"modified":"2025-07-01T09:19:18","modified_gmt":"2025-07-01T07:19:18","slug":"a-propos","status":"publish","type":"page","link":"https:\/\/lastrada-quiberon.fr\/index.php\/a-propos\/","title":{"rendered":"A PROPOS"},"content":{"rendered":"\n<p><strong>Bienvenue \u00e0 la cr\u00eaperie-pizz\u00e9ria La Strada \u00e0 Quiberon<\/strong><\/p>\n\n\n\n<p>Le chef et son \u00e9quipe vous accueillent chaleureusement \u00e0 la cr\u00eaperie-pizz\u00e9ria La Strada. Ils mettent un point d&#8217;honneur \u00e0 cuisiner des produits de qualit\u00e9, frais et locaux. Ils utilisent des produits de Quiberon comme la cr\u00e8me de Salidou de la Maison d&#8217;Armorine et la bi\u00e8re Z\u00e9phyr de La Brasserie de la Presqu&#8217;\u00eele.<\/p>\n\n\n\n<p>Le chef pr\u00e9pare sa p\u00e2te \u00e0 pizza avec attention et les p\u00e2tes des galettes et des cr\u00eapes sont \u00e9labor\u00e9es avec de la farine issue de l&#8217;agriculture biologique de Bretagne!<\/p>\n\n\n\n<p>Venez d\u00e9guster des pizzas fines et savoureuses, des galettes bien kraz (croustillantes!!!) , des cr\u00eapes d\u00e9licieuses ou des plats du jour en semaine&#8230; Il y en a pour tous les go\u00fbts!!!!<\/p>\n","protected":false},"excerpt":{"rendered":"<p>Bienvenue \u00e0 la cr\u00eaperie-pizz\u00e9ria La Strada \u00e0 Quiberon Le chef et son \u00e9quipe vous accueillent chaleureusement \u00e0 la cr\u00eaperie-pizz\u00e9ria La Strada. Ils mettent un point d&#8217;honneur \u00e0 cuisiner des produits de qualit\u00e9, frais et locaux. Ils utilisent des produits de Quiberon comme la cr\u00e8me de Salidou de la Maison d&#8217;Armorine et la bi\u00e8re Z\u00e9phyr de [&hellip;]<\/p>\n","protected":false},"author":1,"featured_media":0,"parent":0,"menu_order":0,"comment_status":"closed","ping_status":"closed","template":"","meta":{"footnotes":""},"class_list":["post-116","page","type-page","status-publish","hentry"],"yoast_head":"<!-- This site is optimized with the Yoast SEO plugin v19.6.1 - https:\/\/yoast.com\/wordpress\/plugins\/seo\/ -->\n<title>A PROPOS - La strada-quiberon<\/title>\n<meta name=\"robots\" content=\"index, follow, max-snippet:-1, max-image-preview:large, max-video-preview:-1\" \/>\n<link rel=\"canonical\" href=\"https:\/\/lastrada-quiberon.fr\/index.php\/a-propos\/\" \/>\n<meta property=\"og:locale\" content=\"en_US\" \/>\n<meta property=\"og:type\" content=\"article\" \/>\n<meta property=\"og:title\" content=\"A PROPOS - La strada-quiberon\" \/>\n<meta property=\"og:description\" content=\"Bienvenue \u00e0 la cr\u00eaperie-pizz\u00e9ria La Strada \u00e0 Quiberon Le chef et son \u00e9quipe vous accueillent chaleureusement \u00e0 la cr\u00eaperie-pizz\u00e9ria La Strada. Ils mettent un point d&#8217;honneur \u00e0 cuisiner des produits de qualit\u00e9, frais et locaux. Ils utilisent des produits de Quiberon comme la cr\u00e8me de Salidou de la Maison d&#8217;Armorine et la bi\u00e8re Z\u00e9phyr de [&hellip;]\" \/>\n<meta property=\"og:url\" content=\"https:\/\/lastrada-quiberon.fr\/index.php\/a-propos\/\" \/>\n<meta property=\"og:site_name\" content=\"La strada-quiberon\" \/>\n<meta property=\"article:modified_time\" content=\"2025-07-01T07:19:18+00:00\" \/>\n<meta name=\"twitter:card\" content=\"summary_large_image\" \/>\n<meta name=\"twitter:label1\" content=\"Est. reading time\" \/>\n\t<meta name=\"twitter:data1\" content=\"1 minute\" \/>\n<script type=\"application\/ld+json\" class=\"yoast-schema-graph\">{\"@context\":\"https:\/\/schema.org\",\"@graph\":[{\"@type\":\"WebPage\",\"@id\":\"https:\/\/lastrada-quiberon.fr\/index.php\/a-propos\/\",\"url\":\"https:\/\/lastrada-quiberon.fr\/index.php\/a-propos\/\",\"name\":\"A PROPOS - La strada-quiberon\",\"isPartOf\":{\"@id\":\"https:\/\/lastrada-quiberon.fr\/#website\"},\"datePublished\":\"2022-06-06T14:36:46+00:00\",\"dateModified\":\"2025-07-01T07:19:18+00:00\",\"breadcrumb\":{\"@id\":\"https:\/\/lastrada-quiberon.fr\/index.php\/a-propos\/#breadcrumb\"},\"inLanguage\":\"en-US\",\"potentialAction\":[{\"@type\":\"ReadAction\",\"target\":[\"https:\/\/lastrada-quiberon.fr\/index.php\/a-propos\/\"]}]},{\"@type\":\"BreadcrumbList\",\"@id\":\"https:\/\/lastrada-quiberon.fr\/index.php\/a-propos\/#breadcrumb\",\"itemListElement\":[{\"@type\":\"ListItem\",\"position\":1,\"name\":\"Accueil\",\"item\":\"https:\/\/lastrada-quiberon.fr\/\"},{\"@type\":\"ListItem\",\"position\":2,\"name\":\"A PROPOS\"}]},{\"@type\":\"WebSite\",\"@id\":\"https:\/\/lastrada-quiberon.fr\/#website\",\"url\":\"https:\/\/lastrada-quiberon.fr\/\",\"name\":\"La strada-quiberon\",\"description\":\"Cr\u00eaperie-Pizz\u00e9ria\",\"potentialAction\":[{\"@type\":\"SearchAction\",\"target\":{\"@type\":\"EntryPoint\",\"urlTemplate\":\"https:\/\/lastrada-quiberon.fr\/?s={search_term_string}\"},\"query-input\":\"required name=search_term_string\"}],\"inLanguage\":\"en-US\"}]}<\/script>\n<!-- \/ Yoast SEO plugin. -->","yoast_head_json":{"title":"A PROPOS - La strada-quiberon","robots":{"index":"index","follow":"follow","max-snippet":"max-snippet:-1","max-image-preview":"max-image-preview:large","max-video-preview":"max-video-preview:-1"},"canonical":"https:\/\/lastrada-quiberon.fr\/index.php\/a-propos\/","og_locale":"en_US","og_type":"article","og_title":"A PROPOS - La strada-quiberon","og_description":"Bienvenue \u00e0 la cr\u00eaperie-pizz\u00e9ria La Strada \u00e0 Quiberon Le chef et son \u00e9quipe vous accueillent chaleureusement \u00e0 la cr\u00eaperie-pizz\u00e9ria La Strada. Ils mettent un point d&#8217;honneur \u00e0 cuisiner des produits de qualit\u00e9, frais et locaux. Ils utilisent des produits de Quiberon comme la cr\u00e8me de Salidou de la Maison d&#8217;Armorine et la bi\u00e8re Z\u00e9phyr de [&hellip;]","og_url":"https:\/\/lastrada-quiberon.fr\/index.php\/a-propos\/","og_site_name":"La strada-quiberon","article_modified_time":"2025-07-01T07:19:18+00:00","twitter_card":"summary_large_image","twitter_misc":{"Est. reading time":"1 minute"},"schema":{"@context":"https:\/\/schema.org","@graph":[{"@type":"WebPage","@id":"https:\/\/lastrada-quiberon.fr\/index.php\/a-propos\/","url":"https:\/\/lastrada-quiberon.fr\/index.php\/a-propos\/","name":"A PROPOS - La strada-quiberon","isPartOf":{"@id":"https:\/\/lastrada-quiberon.fr\/#website"},"datePublished":"2022-06-06T14:36:46+00:00","dateModified":"2025-07-01T07:19:18+00:00","breadcrumb":{"@id":"https:\/\/lastrada-quiberon.fr\/index.php\/a-propos\/#breadcrumb"},"inLanguage":"en-US","potentialAction":[{"@type":"ReadAction","target":["https:\/\/lastrada-quiberon.fr\/index.php\/a-propos\/"]}]},{"@type":"BreadcrumbList","@id":"https:\/\/lastrada-quiberon.fr\/index.php\/a-propos\/#breadcrumb","itemListElement":[{"@type":"ListItem","position":1,"name":"Accueil","item":"https:\/\/lastrada-quiberon.fr\/"},{"@type":"ListItem","position":2,"name":"A PROPOS"}]},{"@type":"WebSite","@id":"https:\/\/lastrada-quiberon.fr\/#website","url":"https:\/\/lastrada-quiberon.fr\/","name":"La strada-quiberon","description":"Cr\u00eaperie-Pizz\u00e9ria","potentialAction":[{"@type":"SearchAction","target":{"@type":"EntryPoint","urlTemplate":"https:\/\/lastrada-quiberon.fr\/?s={search_term_string}"},"query-input":"required name=search_term_string"}],"inLanguage":"en-US"}]}},"_links":{"self":[{"href":"https:\/\/lastrada-quiberon.fr\/index.php\/wp-json\/wp\/v2\/pages\/116","targetHints":{"allow":["GET"]}}],"collection":[{"href":"https:\/\/lastrada-quiberon.fr\/index.php\/wp-json\/wp\/v2\/pages"}],"about":[{"href":"https:\/\/lastrada-quiberon.fr\/index.php\/wp-json\/wp\/v2\/types\/page"}],"author":[{"embeddable":true,"href":"https:\/\/lastrada-quiberon.fr\/index.php\/wp-json\/wp\/v2\/users\/1"}],"replies":[{"embeddable":true,"href":"https:\/\/lastrada-quiberon.fr\/index.php\/wp-json\/wp\/v2\/comments?post=116"}],"version-history":[{"count":1,"href":"https:\/\/lastrada-quiberon.fr\/index.php\/wp-json\/wp\/v2\/pages\/116\/revisions"}],"predecessor-version":[{"id":129,"href":"https:\/\/lastrada-quiberon.fr\/index.php\/wp-json\/wp\/v2\/pages\/116\/revisions\/129"}],"wp:attachment":[{"href":"https:\/\/lastrada-quiberon.fr\/index.php\/wp-json\/wp\/v2\/media?parent=116"}],"curies":[{"name":"wp","href":"https:\/\/api.w.org\/{rel}","templated":true}]}}